{"id":9,"date":"2015-03-24T00:38:11","date_gmt":"2015-03-23T22:38:11","guid":{"rendered":"http:\/\/andanteconsulting.fi\/testi\/?page_id=9"},"modified":"2024-01-19T15:27:57","modified_gmt":"2024-01-19T13:27:57","slug":"esittely","status":"publish","type":"page","link":"https:\/\/andanteconsulting.fi\/?page_id=9","title":{"rendered":"Esittely"},"content":{"rendered":"\n<p>Toiminnassamme&nbsp;keskitymme organisaation oman arjen ja k\u00e4yt\u00e4nt\u00f6jen tarkasteluun. Pyrimme ty\u00f6otteemme kautta aktivoimaan osallistujia avoimeen vuorovaikutukseen ja dialogin aikaansaamiseen \u2013 yhteinen keskustelu&nbsp;tuottaa yhteist\u00e4 ymm\u00e4rryst\u00e4. Ty\u00f6skentelyss\u00e4 tarvitaan herkkyytt\u00e4 havaitsemaan ja ymm\u00e4rt\u00e4m\u00e4\u00e4n my\u00f6s organisaatioiden pinnan alla olevia tekij\u00f6it\u00e4 sek\u00e4 ymp\u00e4r\u00f6iv\u00e4n todellisuuden vaikutuksia omaan toimintaan.<\/p>\n\n\n\n<div class=\"wp-block-columns is-layout-flex wp-container-core-columns-is-layout-28f84493 wp-block-columns-is-layout-flex\">\n<div class=\"wp-block-column is-layout-flow wp-block-column-is-layout-flow\" style=\"flex-basis:33.33%\">\n<figure class=\"wp-block-image size-large is-style-rounded\"><a href=\"https:\/\/andanteconsulting.fi\/testi\/wp-content\/uploads\/2015\/03\/ihmiset_taru2.jpg\"><img loading=\"lazy\" decoding=\"async\" width=\"1024\" height=\"1024\" src=\"https:\/\/andanteconsulting.fi\/testi\/wp-content\/uploads\/2015\/03\/ihmiset_taru2-1024x1024.jpg\" alt=\"\" class=\"wp-image-210\" srcset=\"https:\/\/andanteconsulting.fi\/testi\/wp-content\/uploads\/2015\/03\/ihmiset_taru2-1024x1024.jpg 1024w, https:\/\/andanteconsulting.fi\/testi\/wp-content\/uploads\/2015\/03\/ihmiset_taru2-150x150.jpg 150w, https:\/\/andanteconsulting.fi\/testi\/wp-content\/uploads\/2015\/03\/ihmiset_taru2-300x300.jpg 300w, https:\/\/andanteconsulting.fi\/testi\/wp-content\/uploads\/2015\/03\/ihmiset_taru2-100x100.jpg 100w, https:\/\/andanteconsulting.fi\/testi\/wp-content\/uploads\/2015\/03\/ihmiset_taru2-970x970.jpg 970w, https:\/\/andanteconsulting.fi\/testi\/wp-content\/uploads\/2015\/03\/ihmiset_taru2.jpg 1445w\" sizes=\"auto, (max-width: 1024px) 100vw, 1024px\" \/><\/a><\/figure>\n<\/div>\n\n\n\n<div class=\"wp-block-column is-layout-flow wp-block-column-is-layout-flow\" style=\"flex-basis:66.66%\">\n<h4 class=\"wp-block-heading\">Taru Kaivola<\/h4>\n\n\n\n<p>Esh, ryhm\u00e4analyytikko VET, ty\u00f6nohjaaja STOry on uraauurtava ryhm\u00e4analyyttisen kehitt\u00e4misotteen soveltaja suomalaisissa organisaatioissa. H\u00e4n ty\u00f6skentelee ty\u00f6nohjaajana, psykoterapeuttina ja ty\u00f6yhteis\u00f6jen kehitt\u00e4miskonsulttina sek\u00e4 julkisella ett\u00e4 yksityisell\u00e4 sektorilla. Lis\u00e4ksi h\u00e4n toimii ryhm\u00e4analyysikouluttajana.<\/p>\n\n\n\n<ul class=\"wp-block-list\">\n<li>Puh. 050 360 2077<\/li>\n\n\n\n<li><a href=\"mailto:taru@andanteconsulting.fi\">taru@andanteconsulting.fi<\/a><\/li>\n\n\n\n<li><a href=\"https:\/\/psykoterapiapalvelutarukaivola.fi\/\" target=\"_blank\" rel=\"noreferrer noopener\">Psykoterapiapalvelu Taru Kaivola<\/a><\/li>\n<\/ul>\n<\/div>\n<\/div>\n\n\n\n<div class=\"wp-block-columns is-layout-flex wp-container-core-columns-is-layout-28f84493 wp-block-columns-is-layout-flex\">\n<div class=\"wp-block-column is-layout-flow wp-block-column-is-layout-flow\" style=\"flex-basis:33.33%\">\n<figure class=\"wp-block-image size-full is-style-rounded\"><a href=\"https:\/\/andanteconsulting.fi\/testi\/wp-content\/uploads\/2015\/03\/ihmiset_heikki22.jpg\"><img loading=\"lazy\" decoding=\"async\" width=\"1000\" height=\"1000\" src=\"https:\/\/andanteconsulting.fi\/testi\/wp-content\/uploads\/2015\/03\/ihmiset_heikki22.jpg\" alt=\"\" class=\"wp-image-220\" srcset=\"https:\/\/andanteconsulting.fi\/testi\/wp-content\/uploads\/2015\/03\/ihmiset_heikki22.jpg 1000w, https:\/\/andanteconsulting.fi\/testi\/wp-content\/uploads\/2015\/03\/ihmiset_heikki22-150x150.jpg 150w, https:\/\/andanteconsulting.fi\/testi\/wp-content\/uploads\/2015\/03\/ihmiset_heikki22-300x300.jpg 300w, https:\/\/andanteconsulting.fi\/testi\/wp-content\/uploads\/2015\/03\/ihmiset_heikki22-100x100.jpg 100w, https:\/\/andanteconsulting.fi\/testi\/wp-content\/uploads\/2015\/03\/ihmiset_heikki22-970x970.jpg 970w\" sizes=\"auto, (max-width: 1000px) 100vw, 1000px\" \/><\/a><\/figure>\n<\/div>\n\n\n\n<div class=\"wp-block-column is-layout-flow wp-block-column-is-layout-flow\" style=\"flex-basis:66.66%\">\n<h4 class=\"wp-block-heading\">Heikki Launila<\/h4>\n\n\n\n<p>Ekonomi, organisaatiokonsultti FINOD, ty\u00f6nohjaaja STOry, ty\u00f6yhteis\u00f6sovittelija, omaa monipuolisen taustan organisaatioiden kehitt\u00e4misteht\u00e4vist\u00e4 mm. sis\u00e4isen\u00e4 asiantuntijakonsulttina ja yritt\u00e4j\u00e4konsulttina erilaisissa organisaatioissa sek\u00e4 julkisella ett\u00e4 yksityisell\u00e4 sektorilla.<\/p>\n\n\n\n<ul class=\"wp-block-list\">\n<li>Puh. 040 522 4320<\/li>\n\n\n\n<li><a href=\"mailto:heikki@andanteconsulting.fi\">heikki@andanteconsulting.fi<\/a><\/li>\n<\/ul>\n<\/div>\n<\/div>\n","protected":false},"excerpt":{"rendered":"<p>Toiminnassamme&nbsp;keskitymme organisaation oman arjen ja k\u00e4yt\u00e4nt\u00f6jen tarkasteluun. Pyrimme ty\u00f6otteemme kautta aktivoimaan osallistujia avoimeen vuorovaikutukseen ja dialogin aikaansaamiseen \u2013 yhteinen keskustelu&nbsp;tuottaa yhteist\u00e4 ymm\u00e4rryst\u00e4. Ty\u00f6skentelyss\u00e4 tarvitaan herkkyytt\u00e4 havaitsemaan ja ymm\u00e4rt\u00e4m\u00e4\u00e4n my\u00f6s organisaatioiden pinnan alla olevia tekij\u00f6it\u00e4 sek\u00e4 ymp\u00e4r\u00f6iv\u00e4n todellisuuden vaikutuksia omaan toimintaan. Taru Kaivola Esh, ryhm\u00e4analyytikko VET, ty\u00f6nohjaaja STOry on uraauurtava ryhm\u00e4analyyttisen kehitt\u00e4misotteen soveltaja suomalaisissa organisaatioissa. H\u00e4n [&hellip;]<\/p>\n","protected":false},"author":3,"featured_media":0,"parent":0,"menu_order":0,"comment_status":"closed","ping_status":"closed","template":"template-blank-4.php","meta":{"footnotes":""},"class_list":["post-9","page","type-page","status-publish","hentry"],"_links":{"self":[{"href":"https:\/\/andanteconsulting.fi\/index.php?rest_route=\/wp\/v2\/pages\/9","targetHints":{"allow":["GET"]}}],"collection":[{"href":"https:\/\/andanteconsulting.fi\/index.php?rest_route=\/wp\/v2\/pages"}],"about":[{"href":"https:\/\/andanteconsulting.fi\/index.php?rest_route=\/wp\/v2\/types\/page"}],"author":[{"embeddable":true,"href":"https:\/\/andanteconsulting.fi\/index.php?rest_route=\/wp\/v2\/users\/3"}],"replies":[{"embeddable":true,"href":"https:\/\/andanteconsulting.fi\/index.php?rest_route=%2Fwp%2Fv2%2Fcomments&post=9"}],"version-history":[{"count":29,"href":"https:\/\/andanteconsulting.fi\/index.php?rest_route=\/wp\/v2\/pages\/9\/revisions"}],"predecessor-version":[{"id":273,"href":"https:\/\/andanteconsulting.fi\/index.php?rest_route=\/wp\/v2\/pages\/9\/revisions\/273"}],"wp:attachment":[{"href":"https:\/\/andanteconsulting.fi\/index.php?rest_route=%2Fwp%2Fv2%2Fmedia&parent=9"}],"curies":[{"name":"wp","href":"https:\/\/api.w.org\/{rel}","templated":true}]}}