{"id":6,"date":"2015-03-24T00:34:11","date_gmt":"2015-03-23T22:34:11","guid":{"rendered":"http:\/\/andanteconsulting.fi\/testi\/?page_id=6"},"modified":"2024-01-19T15:26:16","modified_gmt":"2024-01-19T13:26:16","slug":"uusi-etusivu","status":"publish","type":"page","link":"https:\/\/andanteconsulting.fi\/","title":{"rendered":""},"content":{"rendered":"\n<div class=\"wp-block-columns is-layout-flex wp-container-core-columns-is-layout-28f84493 wp-block-columns-is-layout-flex\">\n<div class=\"wp-block-column is-layout-flow wp-block-column-is-layout-flow\" style=\"flex-basis:33.33%\">\n<figure class=\"wp-block-image size-full\"><a href=\"https:\/\/andanteconsulting.fi\/testi\/wp-content\/uploads\/2015\/03\/etusivu_3_palvelua.png\"><img loading=\"lazy\" decoding=\"async\" width=\"353\" height=\"354\" src=\"https:\/\/andanteconsulting.fi\/testi\/wp-content\/uploads\/2015\/03\/etusivu_3_palvelua.png\" alt=\"\" class=\"wp-image-30\" style=\"object-fit:cover\" srcset=\"https:\/\/andanteconsulting.fi\/testi\/wp-content\/uploads\/2015\/03\/etusivu_3_palvelua.png 353w, https:\/\/andanteconsulting.fi\/testi\/wp-content\/uploads\/2015\/03\/etusivu_3_palvelua-150x150.png 150w, https:\/\/andanteconsulting.fi\/testi\/wp-content\/uploads\/2015\/03\/etusivu_3_palvelua-300x300.png 300w, https:\/\/andanteconsulting.fi\/testi\/wp-content\/uploads\/2015\/03\/etusivu_3_palvelua-100x100.png 100w\" sizes=\"auto, (max-width: 353px) 100vw, 353px\" \/><\/a><\/figure>\n<\/div>\n\n\n\n<div class=\"wp-block-column is-layout-flow wp-block-column-is-layout-flow\" style=\"flex-basis:66.66%\">\n<h3 class=\"wp-block-heading\">Tarjoamme ty\u00f6yhteis\u00f6ille kehitt\u00e4misen tueksi<\/h3>\n\n\n\n<ul class=\"wp-block-list\">\n<li><a href=\"https:\/\/andanteconsulting.fi\/?page_id=112\" data-type=\"page\" data-id=\"112\">Ty\u00f6nohjausta<\/a><\/li>\n\n\n\n<li><a href=\"https:\/\/andanteconsulting.fi\/?page_id=117\" data-type=\"page\" data-id=\"117\">Ty\u00f6yhteis\u00f6jen kehitt\u00e4mispalveluja<\/a><\/li>\n\n\n\n<li><a href=\"https:\/\/andanteconsulting.fi\/?page_id=120\" data-type=\"page\" data-id=\"120\">Ty\u00f6yhteis\u00f6sovittelua<\/a><\/li>\n<\/ul>\n<\/div>\n<\/div>\n\n\n\n<p>Andante Consulting Oy on perustettu vuonna 1997 tuottamaan ihmisl\u00e4heisi\u00e4 ja ty\u00f6el\u00e4m\u00e4n arjen kysymyksiin perustuvia kehitt\u00e4mispalveluja organisaatioiden ja ty\u00f6yhteis\u00f6jen hyv\u00e4ksi.<\/p>\n\n\n\n<p><strong><a href=\"https:\/\/andanteconsulting.fi\/?page_id=11\" data-type=\"page\" data-id=\"11\">Lue lis\u00e4\u00e4 palveluistamme<\/a><\/strong><\/p>\n\n\n\n<hr class=\"wp-block-separator has-alpha-channel-opacity is-style-wide\"\/>\n\n\n\n<div class=\"wp-block-columns is-layout-flex wp-container-core-columns-is-layout-28f84493 wp-block-columns-is-layout-flex\">\n<div class=\"wp-block-column is-layout-flow wp-block-column-is-layout-flow\">\n<h3 class=\"wp-block-heading\">Me olemme Andante Consulting<\/h3>\n\n\n\n<p><strong><a href=\"https:\/\/andanteconsulting.fi\/?page_id=9\" data-type=\"page\" data-id=\"9\">Lue esittelymme<\/a><\/strong><\/p>\n<\/div>\n\n\n\n<div class=\"wp-block-column is-layout-flow wp-block-column-is-layout-flow\">\n<figure class=\"wp-block-image size-full is-style-rounded\"><a href=\"https:\/\/andanteconsulting.fi\/testi\/wp-content\/uploads\/2015\/03\/ihmiset_yhteiskuva2.jpg\"><img loading=\"lazy\" decoding=\"async\" width=\"1000\" height=\"1000\" src=\"https:\/\/andanteconsulting.fi\/testi\/wp-content\/uploads\/2015\/03\/ihmiset_yhteiskuva2.jpg\" alt=\"\" class=\"wp-image-222\" srcset=\"https:\/\/andanteconsulting.fi\/testi\/wp-content\/uploads\/2015\/03\/ihmiset_yhteiskuva2.jpg 1000w, https:\/\/andanteconsulting.fi\/testi\/wp-content\/uploads\/2015\/03\/ihmiset_yhteiskuva2-150x150.jpg 150w, https:\/\/andanteconsulting.fi\/testi\/wp-content\/uploads\/2015\/03\/ihmiset_yhteiskuva2-300x300.jpg 300w, https:\/\/andanteconsulting.fi\/testi\/wp-content\/uploads\/2015\/03\/ihmiset_yhteiskuva2-100x100.jpg 100w, https:\/\/andanteconsulting.fi\/testi\/wp-content\/uploads\/2015\/03\/ihmiset_yhteiskuva2-970x970.jpg 970w\" sizes=\"auto, (max-width: 1000px) 100vw, 1000px\" \/><\/a><\/figure>\n<\/div>\n<\/div>\n\n\n\n<div class=\"wp-block-columns is-layout-flex wp-container-core-columns-is-layout-28f84493 wp-block-columns-is-layout-flex\">\n<div class=\"wp-block-column is-layout-flow wp-block-column-is-layout-flow\">\n<h4 class=\"wp-block-heading\">Taru Kaivola<\/h4>\n\n\n\n<ul class=\"wp-block-list\">\n<li>Puh. 050 360 2077<\/li>\n\n\n\n<li><a href=\"mailto:taru@andanteconsulting.fi\" target=\"_blank\" rel=\"noreferrer noopener\">taru@andanteconsulting.fi<\/a><\/li>\n<\/ul>\n<\/div>\n\n\n\n<div class=\"wp-block-column is-layout-flow wp-block-column-is-layout-flow\">\n<h4 class=\"wp-block-heading\">Heikki Launila<\/h4>\n\n\n\n<ul class=\"wp-block-list\">\n<li>Puh. 040 522 4320<\/li>\n\n\n\n<li><a href=\"mailto:heikki@andanteconsulting.fi\" target=\"_blank\" rel=\"noreferrer noopener\">heikki@andanteconsulting.fi<\/a><\/li>\n<\/ul>\n<\/div>\n<\/div>\n\n\n\n<hr class=\"wp-block-separator has-alpha-channel-opacity is-style-wide\"\/>\n\n\n\n<p><strong>Andante Consulting Oy<\/strong><br>Laivastokatu 14 B<br>00160 Helsinki<\/p>\n\n\n\n<p>Y-tunnus: 1101671-0<br><a href=\"https:\/\/www.facebook.com\/andanteconsulting\" target=\"_blank\" rel=\"noreferrer noopener\">Andante Consulting Facebookissa<\/a><\/p>\n","protected":false},"excerpt":{"rendered":"<p>Tarjoamme ty\u00f6yhteis\u00f6ille kehitt\u00e4misen tueksi Andante Consulting Oy on perustettu vuonna 1997 tuottamaan ihmisl\u00e4heisi\u00e4 ja ty\u00f6el\u00e4m\u00e4n arjen kysymyksiin perustuvia kehitt\u00e4mispalveluja organisaatioiden ja ty\u00f6yhteis\u00f6jen hyv\u00e4ksi. Lue lis\u00e4\u00e4 palveluistamme Me olemme Andante Consulting Lue esittelymme Taru Kaivola Heikki Launila Andante Consulting OyLaivastokatu 14 B00160 Helsinki Y-tunnus: 1101671-0Andante Consulting Facebookissa<\/p>\n","protected":false},"author":3,"featured_media":0,"parent":0,"menu_order":0,"comment_status":"closed","ping_status":"closed","template":"template-blank-4.php","meta":{"footnotes":""},"class_list":["post-6","page","type-page","status-publish","hentry"],"_links":{"self":[{"href":"https:\/\/andanteconsulting.fi\/index.php?rest_route=\/wp\/v2\/pages\/6","targetHints":{"allow":["GET"]}}],"collection":[{"href":"https:\/\/andanteconsulting.fi\/index.php?rest_route=\/wp\/v2\/pages"}],"about":[{"href":"https:\/\/andanteconsulting.fi\/index.php?rest_route=\/wp\/v2\/types\/page"}],"author":[{"embeddable":true,"href":"https:\/\/andanteconsulting.fi\/index.php?rest_route=\/wp\/v2\/users\/3"}],"replies":[{"embeddable":true,"href":"https:\/\/andanteconsulting.fi\/index.php?rest_route=%2Fwp%2Fv2%2Fcomments&post=6"}],"version-history":[{"count":82,"href":"https:\/\/andanteconsulting.fi\/index.php?rest_route=\/wp\/v2\/pages\/6\/revisions"}],"predecessor-version":[{"id":272,"href":"https:\/\/andanteconsulting.fi\/index.php?rest_route=\/wp\/v2\/pages\/6\/revisions\/272"}],"wp:attachment":[{"href":"https:\/\/andanteconsulting.fi\/index.php?rest_route=%2Fwp%2Fv2%2Fmedia&parent=6"}],"curies":[{"name":"wp","href":"https:\/\/api.w.org\/{rel}","templated":true}]}}