{"id":179,"date":"2015-08-31T03:11:55","date_gmt":"2015-08-31T00:11:55","guid":{"rendered":"http:\/\/andanteconsulting.fi\/?page_id=179"},"modified":"2024-01-19T15:21:59","modified_gmt":"2024-01-19T13:21:59","slug":"julkaisut","status":"publish","type":"page","link":"https:\/\/andanteconsulting.fi\/?page_id=179","title":{"rendered":"Julkaisut"},"content":{"rendered":"\n<h3 class=\"wp-block-heading\">Kirjat<\/h3>\n\n\n\n<div class=\"wp-block-columns is-layout-flex wp-container-core-columns-is-layout-28f84493 wp-block-columns-is-layout-flex\">\n<div class=\"wp-block-column is-layout-flow wp-block-column-is-layout-flow\" style=\"flex-basis:33.33%\">\n<figure class=\"wp-block-image size-full is-resized\"><a href=\"https:\/\/andanteconsulting.fi\/testi\/wp-content\/uploads\/2015\/08\/kirja_hyva_tyopaikka.jpg\"><img loading=\"lazy\" decoding=\"async\" width=\"129\" height=\"200\" src=\"https:\/\/andanteconsulting.fi\/testi\/wp-content\/uploads\/2015\/08\/kirja_hyva_tyopaikka.jpg\" alt=\"\" class=\"wp-image-188\" style=\"width:200px\" srcset=\"https:\/\/andanteconsulting.fi\/testi\/wp-content\/uploads\/2015\/08\/kirja_hyva_tyopaikka.jpg 129w, https:\/\/andanteconsulting.fi\/testi\/wp-content\/uploads\/2015\/08\/kirja_hyva_tyopaikka-100x155.jpg 100w\" sizes=\"auto, (max-width: 129px) 100vw, 129px\" \/><\/a><\/figure>\n<\/div>\n\n\n\n<div class=\"wp-block-column is-layout-flow wp-block-column-is-layout-flow\" style=\"flex-basis:66.66%\">\n<p><strong>Kaivola, Launila. Hyv\u00e4 ty\u00f6paikka. Yrityskirjat, 2007 &#8211;&nbsp;<\/strong>Hinta 20 \u20ac<\/p>\n<\/div>\n<\/div>\n\n\n\n<div class=\"wp-block-columns is-layout-flex wp-container-core-columns-is-layout-28f84493 wp-block-columns-is-layout-flex\">\n<div class=\"wp-block-column is-layout-flow wp-block-column-is-layout-flow\" style=\"flex-basis:33.33%\">\n<figure class=\"wp-block-image size-full is-resized\"><a href=\"https:\/\/andanteconsulting.fi\/testi\/wp-content\/uploads\/2015\/08\/kirja_tyopaikan_ihmissuhteet.jpg\"><img loading=\"lazy\" decoding=\"async\" width=\"125\" height=\"200\" src=\"https:\/\/andanteconsulting.fi\/testi\/wp-content\/uploads\/2015\/08\/kirja_tyopaikan_ihmissuhteet.jpg\" alt=\"\" class=\"wp-image-189\" style=\"width:200px\" srcset=\"https:\/\/andanteconsulting.fi\/testi\/wp-content\/uploads\/2015\/08\/kirja_tyopaikan_ihmissuhteet.jpg 125w, https:\/\/andanteconsulting.fi\/testi\/wp-content\/uploads\/2015\/08\/kirja_tyopaikan_ihmissuhteet-100x160.jpg 100w\" sizes=\"auto, (max-width: 125px) 100vw, 125px\" \/><\/a><\/figure>\n<\/div>\n\n\n\n<div class=\"wp-block-column is-layout-flow wp-block-column-is-layout-flow\" style=\"flex-basis:66.66%\">\n<p><strong>Kaivola. Ty\u00f6paikan ihmissuhteet. Kirjapaja, 2003 <\/strong>&#8211;<strong>&nbsp;<\/strong>Hinta 20 \u20ac<\/p>\n<\/div>\n<\/div>\n\n\n\n<p>Voit tilata kirjoja l\u00e4hett\u00e4m\u00e4ll\u00e4 s\u00e4hk\u00f6postin osoitteeseen <a href=\"mailto:andante@andanteconsulting.fi\">andante@andanteconsulting.fi<\/a>. Muista kertoa nimesi ja osoitteesi, kirjan nimi tai nimet sek\u00e4 kappalem\u00e4\u00e4r\u00e4. Hintoihin lis\u00e4t\u00e4\u00e4n l\u00e4hetyskulut.&nbsp;<\/p>\n\n\n\n<h3 class=\"wp-block-heading\">Artikkelit<\/h3>\n\n\n\n<p><strong>Ty\u00f6el\u00e4m\u00e4\u00e4n liittyv\u00e4t<\/strong><\/p>\n\n\n\n<ul class=\"wp-block-list\">\n<li>Kaivola: \u201dTavoitteena ty\u00f6ss\u00e4 jaksaminen\u201d, artikkeli TKK Dipolin HoTa &nbsp;\u2013projektin julkaisussa Ura ja vanhemmuus 2006<\/li>\n\n\n\n<li>Kaivola, Launila: \u201dRyhm\u00e4t ammatillisen ja henkil\u00f6kohtaisen kasvun tukena\u201d, julkaisu Kuntien el\u00e4kevakuutuksen Kuntaty\u00f6 kunnossa \u2013artikkelisarjassa 2007<\/li>\n\n\n\n<li>Kaivola, Launila: \u201dAvoin mieli \u2013 tyhj\u00e4 p\u00e4\u00e4\u201d, artikkeli julkaistu Valtiokonttorin Kaikuvies\u00adtiss\u00e4 1\/09<\/li>\n\n\n\n<li>Lindroos, Segercrantz (toim.): \u201dYksil\u00f6ksi ryhm\u00e4ss\u00e4\u201d, artikkeli T.Kaivola, P. Tuukkanen; \u201dRyhm\u00e4analyysi organisaatioiden kehitt\u00e4misess\u00e4\u201d, Palmenia 2009<\/li>\n\n\n\n<li>Kaivola: \u201cKahden ryhm\u00e4nohjaajan keskin\u00e4inen suhde\u201d, artikkeli Ryhm\u00e4analyysiyhdistys ry:n j\u00e4senlehdess\u00e4 1\/2009<\/li>\n\n\n\n<li>Launila: \u201cRyhm\u00e4\u00e4n liittymisen helppous ja vaikeus\u201d, artikkeli Ryhm\u00e4analyysiyhdistys ry:n j\u00e4senlehdess\u00e4 1\/2011<\/li>\n\n\n\n<li>Kaivola: \u201cPelko ja valta ty\u00f6nohjausryhm\u00e4ss\u00e4\u201d, artikkeli Suomen ty\u00f6nohjaajat ry:n j\u00e4senlehti Osviitassa 2\/2011<\/li>\n\n\n\n<li>Launila: \u201cTy\u00f6nohjaus yritystoimintana ja elinkeinon tulol\u00e4hteen\u00e4\u201d, artikkeli Suomen ty\u00f6nohjaajat ry:n j\u00e4senlehti<br>Osviitassa 1\/2012<\/li>\n\n\n\n<li>Kaivola, Romppanen: \u201dTy\u00f6nohjaaja ryhm\u00e4ilmi\u00f6iden tunnistajana\u201d, artikkeli Suomen ty\u00f6nohjaajat ry:n j\u00e4senlehti Osviitassa 3\/2014<\/li>\n<\/ul>\n\n\n\n<p><strong>Hoitoty\u00f6h\u00f6n liittyv\u00e4t<\/strong><\/p>\n\n\n\n<ul class=\"wp-block-list\">\n<li>Interventiomahdollisuudet huumeiden k\u00e4ytt\u00e4jien p\u00e4ihdeongelmiin somaattisen sai\u00adraala\u00adhoi\u00addon ai\u00adkana, Sosiaali-<br>ja terveysministeri\u00f6n selvityksi\u00e4 2001:13<\/li>\n\n\n\n<li>Puuskari V, Lepp\u00e4vuori A, Raaska K, Kaivola T, Ristola M. HIV-potilaan mielentervey\u00adden h\u00e4i\u00adri\u00f6t ja niiden<br>l\u00e4\u00e4kehoito, Duodecim 118: 449-456, 2002<\/li>\n\n\n\n<li>Kaivola, Mursula: \u201dHuumeidenk\u00e4ytt\u00e4jien ryhm\u00e4analyyttisesta avohoitoryhm\u00e4st\u00e4 hyv\u00e4t kokemuk\u00adset\u201d, artikkeli<br>Tiimi-lehdess\u00e4 5\/2002<\/li>\n\n\n\n<li>HIV-hoitoty\u00f6n k\u00e4sikirja luvut 3 (HIV-infektion vaikutukset el\u00e4m\u00e4\u00e4n) ja 5 (Psykiat\u00adria), SHAS, HUS ja<br>Aids-tukikeskus 2007-11-30<\/li>\n\n\n\n<li>Kaivola, Kylm\u00e4, Kivel\u00e4, Ristola: Pistoshuumeita k\u00e4ytt\u00e4neiden HIV-positiivisten naisten suhde seksiin,<br>huumeisiin ja HIV-infektioon \u2013 laadullinen haastattelututkimus, DIAK 2007<\/li>\n\n\n\n<li>Kaivola, Keski-S\u00e4ntti: &#8220;H\u00e4pe\u00e4st\u00e4 ryhm\u00e4psykoterapiassa&#8221;, artikkeli Psykoterapia-lehdess\u00e4 1\/2017<\/li>\n<\/ul>\n\n\n\n<p><\/p>\n","protected":false},"excerpt":{"rendered":"<p>Kirjat Kaivola, Launila. Hyv\u00e4 ty\u00f6paikka. Yrityskirjat, 2007 &#8211;&nbsp;Hinta 20 \u20ac Kaivola. Ty\u00f6paikan ihmissuhteet. Kirjapaja, 2003 &#8211;&nbsp;Hinta 20 \u20ac Voit tilata kirjoja l\u00e4hett\u00e4m\u00e4ll\u00e4 s\u00e4hk\u00f6postin osoitteeseen andante@andanteconsulting.fi. Muista kertoa nimesi ja osoitteesi, kirjan nimi tai nimet sek\u00e4 kappalem\u00e4\u00e4r\u00e4. Hintoihin lis\u00e4t\u00e4\u00e4n l\u00e4hetyskulut.&nbsp; Artikkelit Ty\u00f6el\u00e4m\u00e4\u00e4n liittyv\u00e4t Hoitoty\u00f6h\u00f6n liittyv\u00e4t<\/p>\n","protected":false},"author":3,"featured_media":0,"parent":0,"menu_order":0,"comment_status":"closed","ping_status":"closed","template":"template-blank-4.php","meta":{"footnotes":""},"class_list":["post-179","page","type-page","status-publish","hentry"],"_links":{"self":[{"href":"https:\/\/andanteconsulting.fi\/index.php?rest_route=\/wp\/v2\/pages\/179","targetHints":{"allow":["GET"]}}],"collection":[{"href":"https:\/\/andanteconsulting.fi\/index.php?rest_route=\/wp\/v2\/pages"}],"about":[{"href":"https:\/\/andanteconsulting.fi\/index.php?rest_route=\/wp\/v2\/types\/page"}],"author":[{"embeddable":true,"href":"https:\/\/andanteconsulting.fi\/index.php?rest_route=\/wp\/v2\/users\/3"}],"replies":[{"embeddable":true,"href":"https:\/\/andanteconsulting.fi\/index.php?rest_route=%2Fwp%2Fv2%2Fcomments&post=179"}],"version-history":[{"count":20,"href":"https:\/\/andanteconsulting.fi\/index.php?rest_route=\/wp\/v2\/pages\/179\/revisions"}],"predecessor-version":[{"id":270,"href":"https:\/\/andanteconsulting.fi\/index.php?rest_route=\/wp\/v2\/pages\/179\/revisions\/270"}],"wp:attachment":[{"href":"https:\/\/andanteconsulting.fi\/index.php?rest_route=%2Fwp%2Fv2%2Fmedia&parent=179"}],"curies":[{"name":"wp","href":"https:\/\/api.w.org\/{rel}","templated":true}]}}